{"id":443,"date":"2026-02-01T16:09:02","date_gmt":"2026-02-01T16:09:02","guid":{"rendered":"https:\/\/abcfruits.eu\/?page_id=443"},"modified":"2026-02-02T18:23:13","modified_gmt":"2026-02-02T18:23:13","slug":"unser-angebot","status":"publish","type":"page","link":"https:\/\/abcfruits.eu\/en\/unser-angebot\/","title":{"rendered":"Unser angebot"},"content":{"rendered":"<div data-elementor-type=\"wp-page\" data-elementor-id=\"443\" class=\"elementor elementor-443\" data-elementor-post-type=\"page\">\n\t\t\t\t<div class=\"elementor-element elementor-element-7d980e50 e-con-full animated-slow e-flex e-con e-parent\" data-id=\"7d980e50\" data-element_type=\"container\" data-e-type=\"container\" data-settings=\"{&quot;animation&quot;:&quot;none&quot;}\">\n\t\t<div class=\"elementor-element elementor-element-1d9942b4 e-con-full e-flex e-con e-child\" data-id=\"1d9942b4\" data-element_type=\"container\" data-e-type=\"container\" data-settings=\"{&quot;background_background&quot;:&quot;classic&quot;}\">\n\t\t<div class=\"elementor-element elementor-element-7c8da895 e-con-full e-flex e-con e-child\" data-id=\"7c8da895\" data-element_type=\"container\" data-e-type=\"container\">\n\t\t\t\t<div class=\"elementor-element elementor-element-8e4f73e elementor-widget elementor-widget-heading\" data-id=\"8e4f73e\" data-element_type=\"widget\" data-e-type=\"widget\" data-widget_type=\"heading.default\">\n\t\t\t\t\t<h2 class=\"elementor-heading-title elementor-size-default\">Our offer<\/h2>\t\t\t\t<\/div>\n\t\t\t\t<\/div>\n\t\t\t\t<\/div>\n\t\t\t\t<\/div>\n\t\t<div class=\"elementor-element elementor-element-a6f2178 e-flex e-con-boxed e-con e-parent\" data-id=\"a6f2178\" data-element_type=\"container\" data-e-type=\"container\">\n\t\t\t\t\t<div class=\"e-con-inner\">\n\t\t\t\t<div class=\"elementor-element elementor-element-9761ed0 elementor-widget elementor-widget-heading\" data-id=\"9761ed0\" data-element_type=\"widget\" data-e-type=\"widget\" data-widget_type=\"heading.default\">\n\t\t\t\t\t<h2 class=\"elementor-heading-title elementor-size-default\">abc fruits<\/h2>\t\t\t\t<\/div>\n\t\t\t\t<div class=\"elementor-element elementor-element-1c5ab134 elementor-widget__width-initial elementor-widget elementor-widget-heading\" data-id=\"1c5ab134\" data-element_type=\"widget\" data-e-type=\"widget\" data-widget_type=\"heading.default\">\n\t\t\t\t\t<h2 class=\"elementor-heading-title elementor-size-default\">Discover our offer<\/h2>\t\t\t\t<\/div>\n\t\t\t\t<div class=\"elementor-element elementor-element-a1250dd elementor-view-default elementor-invisible elementor-widget elementor-widget-icon\" data-id=\"a1250dd\" data-element_type=\"widget\" data-e-type=\"widget\" data-settings=\"{&quot;_animation&quot;:&quot;bounceIn&quot;}\" data-widget_type=\"icon.default\">\n\t\t\t\t\t\t\t<div class=\"elementor-icon-wrapper\">\n\t\t\t<a class=\"elementor-icon\" href=\"#oferta\">\n\t\t\t<i aria-hidden=\"true\" class=\"icon icon-arrow-down-circle\"><\/i>\t\t\t<\/a>\n\t\t<\/div>\n\t\t\t\t\t\t<\/div>\n\t\t\t\t\t<\/div>\n\t\t\t\t<\/div>\n\t\t<div class=\"elementor-element elementor-element-ecc4191 oferta e-flex e-con-boxed e-con e-parent\" data-id=\"ecc4191\" data-element_type=\"container\" data-e-type=\"container\" id=\"oferta\">\n\t\t\t\t\t<div class=\"e-con-inner\">\n\t\t\t\t\t<\/div>\n\t\t\t\t<\/div>\n\t\t<div class=\"elementor-element elementor-element-31dfe8b3 e-flex e-con-boxed e-con e-parent\" data-id=\"31dfe8b3\" data-element_type=\"container\" data-e-type=\"container\" data-settings=\"{&quot;background_background&quot;:&quot;classic&quot;}\">\n\t\t\t\t\t<div class=\"e-con-inner\">\n\t\t<div class=\"elementor-element elementor-element-60e417cf e-con-full e-flex e-con e-child\" data-id=\"60e417cf\" data-element_type=\"container\" data-e-type=\"container\">\n\t\t\t\t<div class=\"elementor-element elementor-element-445a90c5 elementor-widget elementor-widget-heading\" data-id=\"445a90c5\" data-element_type=\"widget\" data-e-type=\"widget\" data-widget_type=\"heading.default\">\n\t\t\t\t\t<h2 class=\"elementor-heading-title elementor-size-default\">Global reach<\/h2>\t\t\t\t<\/div>\n\t\t\t\t<div class=\"elementor-element elementor-element-da6d853 elementor-widget__width-initial elementor-widget elementor-widget-heading\" data-id=\"da6d853\" data-element_type=\"widget\" data-e-type=\"widget\" data-widget_type=\"heading.default\">\n\t\t\t\t\t<h2 class=\"elementor-heading-title elementor-size-default\">Partner in the global supply chain for fresh fruit<\/h2>\t\t\t\t<\/div>\n\t\t\t\t<div class=\"elementor-element elementor-element-3a957af elementor-widget__width-initial elementor-widget elementor-widget-text-editor\" data-id=\"3a957af\" data-element_type=\"widget\" data-e-type=\"widget\" data-widget_type=\"text-editor.default\">\n\t\t\t\t\t\t\t\t\t<p>As a partner in the global supply chain for fresh fruit, we connect producers from different parts of the world with our customers in Europe. We work exclusively with certified plantations and ensure efficient logistics, short delivery times, and consistently high quality. Our processes guarantee freshness, transparency, and safety \u2013 from cultivation to delivery.<\/p>\t\t\t\t\t\t\t\t<\/div>\n\t\t\t\t<div class=\"elementor-element elementor-element-14d8aa0 elementor-widget elementor-widget-image\" data-id=\"14d8aa0\" data-element_type=\"widget\" data-e-type=\"widget\" data-settings=\"{&quot;_animation&quot;:&quot;none&quot;}\" data-widget_type=\"image.default\">\n\t\t\t\t\t\t\t\t\t\t\t\t\t\t\t<img fetchpriority=\"high\" decoding=\"async\" width=\"2560\" height=\"1435\" src=\"https:\/\/abcfruits.eu\/wp-content\/uploads\/2026\/01\/world-map-created-with-fruits-vegetables-scaled.jpg\" class=\"attachment-full size-full wp-image-166\" alt=\"\" srcset=\"https:\/\/abcfruits.eu\/wp-content\/uploads\/2026\/01\/world-map-created-with-fruits-vegetables-scaled.jpg 2560w, https:\/\/abcfruits.eu\/wp-content\/uploads\/2026\/01\/world-map-created-with-fruits-vegetables-300x168.jpg 300w, https:\/\/abcfruits.eu\/wp-content\/uploads\/2026\/01\/world-map-created-with-fruits-vegetables-1024x574.jpg 1024w, https:\/\/abcfruits.eu\/wp-content\/uploads\/2026\/01\/world-map-created-with-fruits-vegetables-768x430.jpg 768w, https:\/\/abcfruits.eu\/wp-content\/uploads\/2026\/01\/world-map-created-with-fruits-vegetables-1536x861.jpg 1536w, https:\/\/abcfruits.eu\/wp-content\/uploads\/2026\/01\/world-map-created-with-fruits-vegetables-2048x1148.jpg 2048w\" sizes=\"(max-width: 2560px) 100vw, 2560px\" \/>\t\t\t\t\t\t\t\t\t\t\t\t\t\t\t<\/div>\n\t\t\t\t<\/div>\n\t\t\t\t\t<\/div>\n\t\t\t\t<\/div>\n\t\t<div class=\"elementor-element elementor-element-3771ba77 e-con-full e-flex e-con e-parent\" data-id=\"3771ba77\" data-element_type=\"container\" data-e-type=\"container\">\n\t\t<div class=\"elementor-element elementor-element-6f03982a e-con-full e-flex e-con e-child\" data-id=\"6f03982a\" data-element_type=\"container\" data-e-type=\"container\" data-settings=\"{&quot;background_background&quot;:&quot;classic&quot;}\">\n\t\t\t\t<div class=\"elementor-element elementor-element-7e6bbd elementor-widget elementor-widget-heading\" data-id=\"7e6bbd\" data-element_type=\"widget\" data-e-type=\"widget\" data-widget_type=\"heading.default\">\n\t\t\t\t\t<h2 class=\"elementor-heading-title elementor-size-default\">Stay in touch<\/h2>\t\t\t\t<\/div>\n\t\t\t\t<div class=\"elementor-element elementor-element-6d3eff9a elementor-widget__width-initial elementor-widget elementor-widget-heading\" data-id=\"6d3eff9a\" data-element_type=\"widget\" data-e-type=\"widget\" data-widget_type=\"heading.default\">\n\t\t\t\t\t<h2 class=\"elementor-heading-title elementor-size-default\">Do you have any questions?<\/br>Contact us!<\/h2>\t\t\t\t<\/div>\n\t\t\t\t<div class=\"elementor-element elementor-element-70c264c elementor-widget__width-initial elementor-button-align-stretch elementor-widget elementor-widget-form\" data-id=\"70c264c\" data-element_type=\"widget\" data-e-type=\"widget\" data-settings=\"{&quot;step_next_label&quot;:&quot;Next&quot;,&quot;step_previous_label&quot;:&quot;Previous&quot;,&quot;button_width&quot;:&quot;100&quot;,&quot;step_type&quot;:&quot;number_text&quot;,&quot;step_icon_shape&quot;:&quot;circle&quot;}\" data-widget_type=\"form.default\">\n\t\t\t\t\t\t\t<form class=\"elementor-form\" method=\"post\" name=\"New Form\" aria-label=\"New Form\" action=\"\">\n\t\t\t<input type=\"hidden\" name=\"post_id\" value=\"443\"\/>\n\t\t\t<input type=\"hidden\" name=\"form_id\" value=\"70c264c\"\/>\n\t\t\t<input type=\"hidden\" name=\"referer_title\" value=\"Unser angebot\" \/>\n\n\t\t\t\t\t\t\t<input type=\"hidden\" name=\"queried_id\" value=\"443\"\/>\n\t\t\t\n\t\t\t<div class=\"elementor-form-fields-wrapper elementor-labels-above\">\n\t\t\t\t\t\t\t\t<div class=\"elementor-field-type-text elementor-field-group elementor-column elementor-field-group-name elementor-col-100\">\n\t\t\t\t\t\t\t\t\t\t\t\t\t<input size=\"1\" type=\"text\" name=\"form_fields[name]\" id=\"form-field-name\" class=\"elementor-field elementor-size-sm  elementor-field-textual\" placeholder=\"First and last name\">\n\t\t\t\t\t\t\t\t\t\t\t<\/div>\n\t\t\t\t\t\t\t\t<div class=\"elementor-field-type-text elementor-field-group elementor-column elementor-field-group-field_96f36a0 elementor-col-100\">\n\t\t\t\t\t\t\t\t\t\t\t\t\t<input size=\"1\" type=\"text\" name=\"form_fields[field_96f36a0]\" id=\"form-field-field_96f36a0\" class=\"elementor-field elementor-size-sm  elementor-field-textual\" placeholder=\"Company name\">\n\t\t\t\t\t\t\t\t\t\t\t<\/div>\n\t\t\t\t\t\t\t\t<div class=\"elementor-field-type-email elementor-field-group elementor-column elementor-field-group-email elementor-col-100 elementor-field-required\">\n\t\t\t\t\t\t\t\t\t\t\t\t\t<input size=\"1\" type=\"email\" name=\"form_fields[email]\" id=\"form-field-email\" class=\"elementor-field elementor-size-sm  elementor-field-textual\" placeholder=\"Email address\" required=\"required\">\n\t\t\t\t\t\t\t\t\t\t\t<\/div>\n\t\t\t\t\t\t\t\t<div class=\"elementor-field-type-tel elementor-field-group elementor-column elementor-field-group-field_1a5da17 elementor-col-100 elementor-field-required\">\n\t\t\t\t\t\t\t<input size=\"1\" type=\"tel\" name=\"form_fields[field_1a5da17]\" id=\"form-field-field_1a5da17\" class=\"elementor-field elementor-size-sm  elementor-field-textual\" placeholder=\"Phone number\" required=\"required\" pattern=\"[0-9()#&amp;+*-=.]+\" title=\"Nur Nummern oder Telefon-Zeichen (#, -, *, etc) werden akzeptiert.\">\n\n\t\t\t\t\t\t<\/div>\n\t\t\t\t\t\t\t\t<div class=\"elementor-field-type-textarea elementor-field-group elementor-column elementor-field-group-message elementor-col-100\">\n\t\t\t\t\t<textarea class=\"elementor-field-textual elementor-field  elementor-size-sm\" name=\"form_fields[message]\" id=\"form-field-message\" rows=\"4\" placeholder=\"Your message\"><\/textarea>\t\t\t\t<\/div>\n\t\t\t\t\t\t\t\t<div class=\"elementor-field-group elementor-column elementor-field-type-submit elementor-col-100 e-form__buttons\">\n\t\t\t\t\t<button class=\"elementor-button elementor-size-sm\" type=\"submit\">\n\t\t\t\t\t\t<span class=\"elementor-button-content-wrapper\">\n\t\t\t\t\t\t\t\t\t\t\t\t\t\t\t\t\t\t\t\t\t\t<span class=\"elementor-button-text\">SEND MESSAGE!<\/span>\n\t\t\t\t\t\t\t\t\t\t\t\t\t<\/span>\n\t\t\t\t\t<\/button>\n\t\t\t\t<\/div>\n\t\t\t<\/div>\n\t\t<input type=\"hidden\" name=\"trp-form-language\" value=\"en\"\/><\/form>\n\t\t\t\t\t\t<\/div>\n\t\t\t\t<\/div>\n\t\t\t\t<\/div>\n\t\t\t\t<\/div>","protected":false},"excerpt":{"rendered":"<p>Unser Angebot abc fruits Entdecken Sie unser Angebot Globale Reichweite Partner in der globalen Lieferkette f\u00fcr frisches Obst Als Partner in der globalen Lieferkette f\u00fcr frisches Obst verbinden wir Erzeuger aus verschiedenen Teilen der Welt mit unseren Kunden in Europa. Wir arbeiten ausschlie\u00dflich mit gepr\u00fcften Plantagen zusammen und sorgen f\u00fcr eine effiziente Logistik, kurze Lieferzeiten [&hellip;]<\/p>","protected":false},"author":1,"featured_media":0,"parent":0,"menu_order":0,"comment_status":"closed","ping_status":"closed","template":"","meta":{"footnotes":""},"class_list":["post-443","page","type-page","status-publish","hentry"],"_links":{"self":[{"href":"https:\/\/abcfruits.eu\/en\/wp-json\/wp\/v2\/pages\/443","targetHints":{"allow":["GET"]}}],"collection":[{"href":"https:\/\/abcfruits.eu\/en\/wp-json\/wp\/v2\/pages"}],"about":[{"href":"https:\/\/abcfruits.eu\/en\/wp-json\/wp\/v2\/types\/page"}],"author":[{"embeddable":true,"href":"https:\/\/abcfruits.eu\/en\/wp-json\/wp\/v2\/users\/1"}],"replies":[{"embeddable":true,"href":"https:\/\/abcfruits.eu\/en\/wp-json\/wp\/v2\/comments?post=443"}],"version-history":[{"count":13,"href":"https:\/\/abcfruits.eu\/en\/wp-json\/wp\/v2\/pages\/443\/revisions"}],"predecessor-version":[{"id":602,"href":"https:\/\/abcfruits.eu\/en\/wp-json\/wp\/v2\/pages\/443\/revisions\/602"}],"wp:attachment":[{"href":"https:\/\/abcfruits.eu\/en\/wp-json\/wp\/v2\/media?parent=443"}],"curies":[{"name":"wp","href":"https:\/\/api.w.org\/{rel}","templated":true}]}}